{"id":93,"date":"2010-08-07T16:29:39","date_gmt":"2010-08-07T16:29:39","guid":{"rendered":"http:\/\/cs.darkruby.net\/?page_id=93"},"modified":"2012-02-15T18:29:18","modified_gmt":"2012-02-15T17:29:18","slug":"pravidla-2","status":"publish","type":"page","link":"https:\/\/cs.darkruby.net\/?page_id=93","title":{"rendered":"Pravidla"},"content":{"rendered":"<div class=\"fcbkbttn_buttons_block\" id=\"fcbkbttn_left\"><div class=\"fcbkbttn_like \"><fb:like href=\"https:\/\/cs.darkruby.net\/?page_id=93\" action=\"like\" colorscheme=\"light\" layout=\"button_count\"  size=\"small\"><\/fb:like><\/div><\/div><p><a title=\"Pravidla pro hr\u00e1\u010de\" href=\"https:\/\/cs.darkruby.net\/?page_id=1073\">Pravidla pro hr\u00e1\u010de<\/a><\/p>\n<p><a title=\"Pravidla pro adminy\" href=\"https:\/\/cs.darkruby.net\/?page_id=1080\">Pravidla pro adminy<\/a><strong><\/strong><\/p>\n<p>&nbsp;<\/p>\n<p><strong>cs.darkruby.net si vyhrazuje pr\u00e1vo kdykoliv pravidla p\u0159id\u00e1vat a m\u011bnit!<br \/>\n<\/strong><\/p>\n<script src=\"http:\/\/connect.facebook.net\/cs_CZ\/all.js#xfbml=1\"><\/script> <fb:like href=\"https%3A%2F%2Fcs.darkruby.net%2F%3Fpage_id%3D93\" show_faces=\"false\" style=\"margin:0px 0px 0px 0px;\"><\/fb:like>","protected":false},"excerpt":{"rendered":"<p>Pravidla pro hr\u00e1\u010de Pravidla pro adminy &nbsp; cs.darkruby.net si vyhrazuje pr\u00e1vo kdykoliv pravidla p\u0159id\u00e1vat a m\u011bnit!<\/p>\n","protected":false},"author":522,"featured_media":0,"parent":0,"menu_order":0,"comment_status":"closed","ping_status":"closed","template":"","meta":{"footnotes":""},"class_list":["post-93","page","type-page","status-publish","hentry"],"_links":{"self":[{"href":"https:\/\/cs.darkruby.net\/index.php?rest_route=\/wp\/v2\/pages\/93","targetHints":{"allow":["GET"]}}],"collection":[{"href":"https:\/\/cs.darkruby.net\/index.php?rest_route=\/wp\/v2\/pages"}],"about":[{"href":"https:\/\/cs.darkruby.net\/index.php?rest_route=\/wp\/v2\/types\/page"}],"author":[{"embeddable":true,"href":"https:\/\/cs.darkruby.net\/index.php?rest_route=\/wp\/v2\/users\/522"}],"replies":[{"embeddable":true,"href":"https:\/\/cs.darkruby.net\/index.php?rest_route=%2Fwp%2Fv2%2Fcomments&post=93"}],"version-history":[{"count":20,"href":"https:\/\/cs.darkruby.net\/index.php?rest_route=\/wp\/v2\/pages\/93\/revisions"}],"predecessor-version":[{"id":1220,"href":"https:\/\/cs.darkruby.net\/index.php?rest_route=\/wp\/v2\/pages\/93\/revisions\/1220"}],"wp:attachment":[{"href":"https:\/\/cs.darkruby.net\/index.php?rest_route=%2Fwp%2Fv2%2Fmedia&parent=93"}],"curies":[{"name":"wp","href":"https:\/\/api.w.org\/{rel}","templated":true}]}}