{"id":559,"date":"2011-05-02T18:00:58","date_gmt":"2011-05-02T17:00:58","guid":{"rendered":"http:\/\/cs.darkruby.net\/?page_id=559"},"modified":"2014-02-02T19:40:02","modified_gmt":"2014-02-02T18:40:02","slug":"scoof","status":"publish","type":"page","link":"https:\/\/cs.darkruby.net\/?page_id=559","title":{"rendered":"Scoof"},"content":{"rendered":"<div class=\"fcbkbttn_buttons_block\" id=\"fcbkbttn_left\"><div class=\"fcbkbttn_like \"><fb:like href=\"https:\/\/cs.darkruby.net\/?page_id=559\" action=\"like\" colorscheme=\"light\" layout=\"button_count\"  size=\"small\"><\/fb:like><\/div><\/div><p>Admin(Lev\u00e1 ruka HL. admina)<\/p>\n<p><strong>N\u00e1pl\u0148 pr\u00e1ce:<\/strong><\/p>\n<p>&#8211; Hl\u00eddat v\u0161echny servery<\/p>\n<p>&#8211; Help in game a na icq<\/p>\n<p>&#8211; \u0158e\u0161\u00ed bany a unbany<\/p>\n<p><strong>Kontakt:<\/strong><\/p>\n<p><strong>ICQ:<\/strong> 497-279-341<img decoding=\"async\" src=\"http:\/\/status.icq.com\/online.gif?icq=497279341&amp;img=5\" alt=\"\" \/><\/p>\n<script src=\"http:\/\/connect.facebook.net\/cs_CZ\/all.js#xfbml=1\"><\/script> <fb:like href=\"https%3A%2F%2Fcs.darkruby.net%2F%3Fpage_id%3D559\" show_faces=\"false\" style=\"margin:0px 0px 0px 0px;\"><\/fb:like>","protected":false},"excerpt":{"rendered":"<p>Admin(Lev\u00e1 ruka HL. admina) N\u00e1pl\u0148 pr\u00e1ce: &#8211; Hl\u00eddat v\u0161echny servery &#8211; Help in game a na icq &#8211; \u0158e\u0161\u00ed bany a unbany Kontakt: ICQ: 497-279-341<\/p>\n","protected":false},"author":522,"featured_media":0,"parent":102,"menu_order":0,"comment_status":"open","ping_status":"open","template":"","meta":{"footnotes":""},"class_list":["post-559","page","type-page","status-publish","hentry"],"_links":{"self":[{"href":"https:\/\/cs.darkruby.net\/index.php?rest_route=\/wp\/v2\/pages\/559","targetHints":{"allow":["GET"]}}],"collection":[{"href":"https:\/\/cs.darkruby.net\/index.php?rest_route=\/wp\/v2\/pages"}],"about":[{"href":"https:\/\/cs.darkruby.net\/index.php?rest_route=\/wp\/v2\/types\/page"}],"author":[{"embeddable":true,"href":"https:\/\/cs.darkruby.net\/index.php?rest_route=\/wp\/v2\/users\/522"}],"replies":[{"embeddable":true,"href":"https:\/\/cs.darkruby.net\/index.php?rest_route=%2Fwp%2Fv2%2Fcomments&post=559"}],"version-history":[{"count":7,"href":"https:\/\/cs.darkruby.net\/index.php?rest_route=\/wp\/v2\/pages\/559\/revisions"}],"predecessor-version":[{"id":1058,"href":"https:\/\/cs.darkruby.net\/index.php?rest_route=\/wp\/v2\/pages\/559\/revisions\/1058"}],"up":[{"embeddable":true,"href":"https:\/\/cs.darkruby.net\/index.php?rest_route=\/wp\/v2\/pages\/102"}],"wp:attachment":[{"href":"https:\/\/cs.darkruby.net\/index.php?rest_route=%2Fwp%2Fv2%2Fmedia&parent=559"}],"curies":[{"name":"wp","href":"https:\/\/api.w.org\/{rel}","templated":true}]}}