{"id":52,"date":"2010-08-06T21:26:55","date_gmt":"2010-08-06T21:26:55","guid":{"rendered":"http:\/\/cs.darkruby.net\/?page_id=52"},"modified":"2019-12-26T23:27:03","modified_gmt":"2019-12-26T22:27:03","slug":"nase-servery","status":"publish","type":"page","link":"https:\/\/cs.darkruby.net\/?page_id=52","title":{"rendered":"Na\u0161e Servery"},"content":{"rendered":"<div class=\"fcbkbttn_buttons_block\" id=\"fcbkbttn_left\"><div class=\"fcbkbttn_like \"><fb:like href=\"https:\/\/cs.darkruby.net\/?page_id=52\" action=\"like\" colorscheme=\"light\" layout=\"button_count\"  size=\"small\"><\/fb:like><\/div><\/div><p><strong>TeamSpeak 3 Server<\/strong><br \/>\n<strong>IP:<\/strong> ts.darkruby.net<br \/>\n<strong>Port:<\/strong> 9987<br \/>\n<strong>Mo\u017enost vlastn\u00ed m\u00edstnosti na po\u017e\u00e1d\u00e1n\u00ed.<\/strong><\/p>\n<p><strong>&#8212;&#8212;&#8212;&#8212;&#8212;&#8212;&#8212;&#8212;&#8212;&#8212;&#8212;&#8212;&#8212;&#8212;&#8212;&#8212;&#8212;&#8212;&#8212;&#8212;&#8212;&#8212;&#8212;&#8212;&#8211;<\/strong><\/p>\n<p><a href=\"27015\/\" target=\"_blank\" rel=\"noopener noreferrer\"><img loading=\"lazy\" decoding=\"async\" src=\"https:\/\/cache.gametracker.com\/server_info\/185.28.102.51:27015\/b_350_20_692108_381007_ffffff_000000.png\" alt=\"\" width=\"350\" height=\"20\" border=\"0\"><\/a><br \/>\n<big><strong>IP:<\/strong> 185.28.102.51:27015<\/big><\/p>\n<p><strong>Typ serveru:<\/strong> <em><strong>Publ!C<\/strong><\/em><\/p>\n<p><strong>&#8212;&#8212;&#8212;&#8212;&#8212;&#8212;&#8212;&#8212;&#8212;&#8212;&#8212;&#8212;&#8212;&#8212;&#8212;&#8212;&#8212;&#8212;&#8212;&#8212;&#8212;&#8212;&#8212;&#8212;&#8211;<\/strong><\/p>\n<p><a href=\"27016\/\" target=\"_blank\" rel=\"noopener noreferrer\"><img loading=\"lazy\" decoding=\"async\" src=\"https:\/\/cache.gametracker.com\/server_info\/185.28.102.51:27016\/b_350_20_692108_381007_ffffff_000000.png\" alt=\"\" width=\"350\" height=\"20\" border=\"0\"><\/a><br \/>\n<big> <\/big><br \/>\n<big><strong>IP:<\/strong> 185.28.102.51:27016<\/big><\/p>\n<p><big><strong>Typ serveru:<\/strong> <\/big><em><strong>Small maps&nbsp;<\/strong><\/em><br \/>\n<strong>&#8212;&#8212;&#8212;&#8212;&#8212;&#8212;&#8212;&#8212;&#8212;&#8212;&#8212;&#8212;&#8212;&#8212;&#8212;&#8212;&#8212;&#8212;&#8212;&#8212;&#8212;&#8212;&#8212;&#8212;&#8211;<\/strong><\/p>\n<p><a href=\"27017\/\" target=\"_blank\" rel=\"noopener noreferrer\"><img loading=\"lazy\" decoding=\"async\" src=\"http:\/\/cache.www.gametracker.com\/server_info\/83.167.247.7:27017\/b_350_20_692108_381007_FFFFFF_000000.png\" alt=\"\" width=\"350\" height=\"20\" border=\"0\"><\/a><br \/>\n<big> <\/big><br \/>\n<big><strong>IP:<\/strong> 185.28.102.51:27017<\/big><\/p>\n<p><big><strong>Typ serveru:<\/strong> <\/big><em><strong>W3FT +SAVEXP<\/strong><\/em><br \/>\n<strong>&#8212;&#8212;&#8212;&#8212;&#8212;&#8212;&#8212;&#8212;&#8212;&#8212;&#8212;&#8212;&#8212;&#8212;&#8212;&#8212;&#8212;&#8212;&#8212;&#8212;&#8212;&#8212;&#8212;&#8212;&#8211;<\/strong><\/p>\n<p><strong>Pro spr\u00e1vnou funk\u010dnost ve Favorites Add a Server P\u0159\u00edd\u00e1te server a Kliknete na Refresh server se vam zobraz\u00ed ve Favorites.<\/strong><\/p>\n<script src=\"http:\/\/connect.facebook.net\/cs_CZ\/all.js#xfbml=1\"><\/script> <fb:like href=\"https%3A%2F%2Fcs.darkruby.net%2F%3Fpage_id%3D52\" show_faces=\"false\" style=\"margin:0px 0px 0px 0px;\"><\/fb:like>","protected":false},"excerpt":{"rendered":"<p>TeamSpeak 3 Server IP: ts.darkruby.net Port: 9987 Mo\u017enost vlastn\u00ed m\u00edstnosti na po\u017e\u00e1d\u00e1n\u00ed. &#8212;&#8212;&#8212;&#8212;&#8212;&#8212;&#8212;&#8212;&#8212;&#8212;&#8212;&#8212;&#8212;&#8212;&#8212;&#8212;&#8212;&#8212;&#8212;&#8212;&#8212;&#8212;&#8212;&#8212;&#8211; IP: 185.28.102.51:27015 Typ serveru: Publ!C &#8212;&#8212;&#8212;&#8212;&#8212;&#8212;&#8212;&#8212;&#8212;&#8212;&#8212;&#8212;&#8212;&#8212;&#8212;&#8212;&#8212;&#8212;&#8212;&#8212;&#8212;&#8212;&#8212;&#8212;&#8211; IP: 185.28.102.51:27016 Typ serveru: Small maps&nbsp; &#8212;&#8212;&#8212;&#8212;&#8212;&#8212;&#8212;&#8212;&#8212;&#8212;&#8212;&#8212;&#8212;&#8212;&#8212;&#8212;&#8212;&#8212;&#8212;&#8212;&#8212;&#8212;&#8212;&#8212;&#8211; IP: 185.28.102.51:27017 Typ serveru: W3FT +SAVEXP &#8212;&#8212;&#8212;&#8212;&#8212;&#8212;&#8212;&#8212;&#8212;&#8212;&#8212;&#8212;&#8212;&#8212;&#8212;&#8212;&#8212;&#8212;&#8212;&#8212;&#8212;&#8212;&#8212;&#8212;&#8211; Pro spr\u00e1vnou funk\u010dnost ve Favorites Add a Server P\u0159\u00edd\u00e1te server a Kliknete na Refresh server se vam zobraz\u00ed ve Favorites.<\/p>\n","protected":false},"author":522,"featured_media":0,"parent":0,"menu_order":0,"comment_status":"closed","ping_status":"closed","template":"","meta":{"footnotes":""},"class_list":["post-52","page","type-page","status-publish","hentry"],"_links":{"self":[{"href":"https:\/\/cs.darkruby.net\/index.php?rest_route=\/wp\/v2\/pages\/52","targetHints":{"allow":["GET"]}}],"collection":[{"href":"https:\/\/cs.darkruby.net\/index.php?rest_route=\/wp\/v2\/pages"}],"about":[{"href":"https:\/\/cs.darkruby.net\/index.php?rest_route=\/wp\/v2\/types\/page"}],"author":[{"embeddable":true,"href":"https:\/\/cs.darkruby.net\/index.php?rest_route=\/wp\/v2\/users\/522"}],"replies":[{"embeddable":true,"href":"https:\/\/cs.darkruby.net\/index.php?rest_route=%2Fwp%2Fv2%2Fcomments&post=52"}],"version-history":[{"count":96,"href":"https:\/\/cs.darkruby.net\/index.php?rest_route=\/wp\/v2\/pages\/52\/revisions"}],"predecessor-version":[{"id":1841,"href":"https:\/\/cs.darkruby.net\/index.php?rest_route=\/wp\/v2\/pages\/52\/revisions\/1841"}],"wp:attachment":[{"href":"https:\/\/cs.darkruby.net\/index.php?rest_route=%2Fwp%2Fv2%2Fmedia&parent=52"}],"curies":[{"name":"wp","href":"https:\/\/api.w.org\/{rel}","templated":true}]}}