{"id":513,"date":"2011-04-13T18:48:27","date_gmt":"2011-04-13T17:48:27","guid":{"rendered":"http:\/\/cs.darkruby.net\/?page_id=513"},"modified":"2011-12-13T18:40:23","modified_gmt":"2011-12-13T17:40:23","slug":"ke-stazeni","status":"publish","type":"page","link":"https:\/\/cs.darkruby.net\/?page_id=513","title":{"rendered":"Ke sta\u017een\u00ed"},"content":{"rendered":"<div class=\"fcbkbttn_buttons_block\" id=\"fcbkbttn_left\"><div class=\"fcbkbttn_like \"><fb:like href=\"https:\/\/cs.darkruby.net\/?page_id=513\" action=\"like\" colorscheme=\"light\" layout=\"button_count\"  size=\"small\"><\/fb:like><\/div><\/div><p><strong>Counter-Strike 1.6 Standalone &#8211; Nova Generace:<\/strong>  <a href=\"http:\/\/www.multiload.cz\/stahnout\/411104\/counter-strike-1-6-standalone-exe\/\"><strong>St\u00e1hnout<\/strong><\/a> nebo <a href=\"http:\/\/www.multiupload.com\/JLD4NIWN5I\"><strong>St\u00e1hnout<\/strong><\/a><br \/>\n(Jedn\u00e1 se o multiload)<br \/>\nBli\u017e\u0161\u00ed popis co v\u0161e verze obsahuje + diskuze naleze\u0161 <a href=\"https:\/\/cs.darkruby.net\/?page_id=96\/counter-strike-1-6-group10\/counter-strike-1-6-forum11\/counter-strike-1-6-standalone-nova-generace-thread28#postid-192\"><strong>ZDE<\/strong><\/a><br \/>\n<strong>Licence<\/strong>: Free<\/p>\n<script src=\"http:\/\/connect.facebook.net\/cs_CZ\/all.js#xfbml=1\"><\/script> <fb:like href=\"https%3A%2F%2Fcs.darkruby.net%2F%3Fpage_id%3D513\" show_faces=\"false\" style=\"margin:0px 0px 0px 0px;\"><\/fb:like>","protected":false},"excerpt":{"rendered":"<p>Counter-Strike 1.6 Standalone &#8211; Nova Generace: St\u00e1hnout nebo St\u00e1hnout (Jedn\u00e1 se o multiload) Bli\u017e\u0161\u00ed popis co v\u0161e verze obsahuje + diskuze naleze\u0161 ZDE Licence: Free<\/p>\n","protected":false},"author":522,"featured_media":0,"parent":102,"menu_order":0,"comment_status":"closed","ping_status":"closed","template":"","meta":{"footnotes":""},"class_list":["post-513","page","type-page","status-publish","hentry"],"_links":{"self":[{"href":"https:\/\/cs.darkruby.net\/index.php?rest_route=\/wp\/v2\/pages\/513","targetHints":{"allow":["GET"]}}],"collection":[{"href":"https:\/\/cs.darkruby.net\/index.php?rest_route=\/wp\/v2\/pages"}],"about":[{"href":"https:\/\/cs.darkruby.net\/index.php?rest_route=\/wp\/v2\/types\/page"}],"author":[{"embeddable":true,"href":"https:\/\/cs.darkruby.net\/index.php?rest_route=\/wp\/v2\/users\/522"}],"replies":[{"embeddable":true,"href":"https:\/\/cs.darkruby.net\/index.php?rest_route=%2Fwp%2Fv2%2Fcomments&post=513"}],"version-history":[{"count":11,"href":"https:\/\/cs.darkruby.net\/index.php?rest_route=\/wp\/v2\/pages\/513\/revisions"}],"predecessor-version":[{"id":897,"href":"https:\/\/cs.darkruby.net\/index.php?rest_route=\/wp\/v2\/pages\/513\/revisions\/897"}],"up":[{"embeddable":true,"href":"https:\/\/cs.darkruby.net\/index.php?rest_route=\/wp\/v2\/pages\/102"}],"wp:attachment":[{"href":"https:\/\/cs.darkruby.net\/index.php?rest_route=%2Fwp%2Fv2%2Fmedia&parent=513"}],"curies":[{"name":"wp","href":"https:\/\/api.w.org\/{rel}","templated":true}]}}