{"id":400,"date":"2011-01-19T14:55:04","date_gmt":"2011-01-19T13:55:04","guid":{"rendered":"http:\/\/cs.darkruby.net\/?page_id=400"},"modified":"2012-02-08T19:27:07","modified_gmt":"2012-02-08T18:27:07","slug":"podporte-nas","status":"publish","type":"page","link":"https:\/\/cs.darkruby.net\/?page_id=400","title":{"rendered":"Podpo\u0159te n\u00e1s"},"content":{"rendered":"<div class=\"fcbkbttn_buttons_block\" id=\"fcbkbttn_left\"><div class=\"fcbkbttn_like \"><fb:like href=\"https:\/\/cs.darkruby.net\/?page_id=400\" action=\"like\" colorscheme=\"light\" layout=\"button_count\"  size=\"small\"><\/fb:like><\/div><\/div><p><strong>Podpo\u0159it n\u00e1s m\u016f\u017eete p\u0159id\u00e1n\u00edm banneru na sv\u016fj web<\/strong>.<\/p>\n<p><strong><em>88&#215;31<\/em><\/strong><br \/>\n<a href=\"https:\/\/cs.darkruby.net\/wp-content\/uploads\/2010\/12\/csdarkrubynetbanner.gif\"><img loading=\"lazy\" decoding=\"async\" class=\"alignnone size-full wp-image-399\" title=\"csdarkrubynetbanner\" src=\"https:\/\/cs.darkruby.net\/wp-content\/uploads\/2010\/12\/csdarkrubynetbanner.gif\" alt=\"\" width=\"88\" height=\"31\" \/><\/a><\/p>\n<p><span style=\"text-decoration: underline;\"><strong>K\u00f3d<\/strong>:<\/span><\/p>\n<p><code>&lt;a href=\"https:\/\/cs.darkruby.net\"&gt;&lt;img src=\"https:\/\/cs.darkruby.net\/wp-content\/uploads\/2010\/12\/csdarkrubynetbanner.gif\" border=\"0\" alt=\"\" \/&gt;&lt;\/a&gt;<\/code><\/p>\n<p><strong><em>88&#215;31<\/em><\/strong><br \/>\n<a href=\"https:\/\/cs.darkruby.net\/wp-content\/uploads\/banners\/88x31a.png\"><img loading=\"lazy\" decoding=\"async\" class=\"alignnone size-full wp-image-399\" title=\"88x31a.png\" src=\"https:\/\/cs.darkruby.net\/wp-content\/uploads\/banners\/88x31a.png\" alt=\"\" width=\"88\" height=\"31\" \/><\/a><\/p>\n<p><strong>K\u00f3d<\/strong>:<br \/>\n<code>&lt;a href=\"https:\/\/cs.darkruby.net\"&gt;&lt;img src=\"https:\/\/cs.darkruby.net\/wp-content\/uploads\/banners\/88x31a.png\" border=\"0\" alt=\"\" \/&gt;&lt;\/a&gt;<\/code><\/p>\n<p><strong><em>88&#215;31<\/em><\/strong><br \/>\n<a href=\"https:\/\/cs.darkruby.net\/wp-content\/uploads\/banners\/88x31b.png\"><img loading=\"lazy\" decoding=\"async\" class=\"alignnone size-full wp-image-399\" title=\"88x31b.png\" src=\"https:\/\/cs.darkruby.net\/wp-content\/uploads\/banners\/88x31b.png\" alt=\"\" width=\"88\" height=\"31\" \/><\/a><\/p>\n<p><strong>K\u00f3d<\/strong>:<\/p>\n<p><code>&lt;a href=\"https:\/\/cs.darkruby.net\"&gt;&lt;img src=\"https:\/\/cs.darkruby.net\/wp-content\/uploads\/banners\/88x31b.png\" border=\"0\" alt=\"\" \/&gt;&lt;\/a&gt;<\/code><\/p>\n<p><strong><em>120&#215;60<\/em><\/strong><br \/>\n<a href=\"https:\/\/cs.darkruby.net\/wp-content\/uploads\/banners\/120x60.jpg\"><img loading=\"lazy\" decoding=\"async\" class=\"alignnone size-full wp-image-399\" title=\"120x60.jpg\" src=\"https:\/\/cs.darkruby.net\/wp-content\/uploads\/banners\/120x60.jpg\" alt=\"\" width=\"120\" height=\"60\" \/><\/a><\/p>\n<p><strong>K\u00f3d<\/strong>:<\/p>\n<p><code>&lt;a href=\"https:\/\/cs.darkruby.net\"&gt;&lt;img src=\"https:\/\/cs.darkruby.net\/wp-content\/uploads\/banners\/120x60.jpg\" border=\"0\" alt=\"\" \/&gt;&lt;\/a&gt;<\/code><\/p>\n<p><strong><em>150&#215;100 Na b\u00edl\u00fd podklad<\/em><\/strong><br \/>\n<a href=\"https:\/\/cs.darkruby.net\/wp-content\/uploads\/banners\/150x100a.png\"><img loading=\"lazy\" decoding=\"async\" class=\"alignnone size-full wp-image-399\" title=\"150x100a.png\" src=\"https:\/\/cs.darkruby.net\/wp-content\/uploads\/banners\/150x100a.png\" alt=\"\" width=\"150\" height=\"100\" \/><\/a><\/p>\n<p><strong>K\u00f3d<\/strong>:<\/p>\n<p><code>&lt;a href=\"https:\/\/cs.darkruby.net\"&gt;&lt;img src=\"https:\/\/cs.darkruby.net\/wp-content\/uploads\/banners\/150x100a.png\" border=\"0\" alt=\"\" \/&gt;&lt;\/a&gt;<\/code><\/p>\n<p><strong><em>150&#215;100 Na tmav\u00fd a\u017e \u010dern\u00fd podklad<\/em><\/strong><br \/>\n<a href=\"https:\/\/cs.darkruby.net\/wp-content\/uploads\/banners\/150x100b.png\"><img loading=\"lazy\" decoding=\"async\" class=\"alignnone size-full wp-image-399\" title=\"150x100b.png\" src=\"https:\/\/cs.darkruby.net\/wp-content\/uploads\/banners\/150x100b.png\" alt=\"\" width=\"150\" height=\"100\" \/><\/a><\/p>\n<p><strong>K\u00f3d<\/strong>:<\/p>\n<p><code>&lt;a href=\"https:\/\/cs.darkruby.net\"&gt;&lt;img src=\"https:\/\/cs.darkruby.net\/wp-content\/uploads\/banners\/150x100b.png\" border=\"0\" alt=\"\" \/&gt;&lt;\/a&gt;<\/code><\/p>\n<p><strong><em>468&#215;60<\/em><\/strong><br \/>\n<a href=\"https:\/\/cs.darkruby.net\/wp-content\/uploads\/banners\/468x60a.png\"><img loading=\"lazy\" decoding=\"async\" class=\"alignnone size-full wp-image-399\" title=\"468x60a.png\" src=\"https:\/\/cs.darkruby.net\/wp-content\/uploads\/banners\/468x60a.png\" alt=\"\" width=\"468\" height=\"60\" \/><\/a><\/p>\n<p><strong>K\u00f3d<\/strong>:<\/p>\n<p><code>&lt;a href=\"https:\/\/cs.darkruby.net\"&gt;&lt;img src=\"https:\/\/cs.darkruby.net\/wp-content\/uploads\/banners\/468x60a.png\" border=\"0\" alt=\"\" \/&gt;&lt;\/a&gt;<\/code><\/p>\n<p><strong><em>468&#215;60<\/em><\/strong><br \/>\n<a href=\"https:\/\/cs.darkruby.net\/wp-content\/uploads\/banners\/468x60b.png\"><img loading=\"lazy\" decoding=\"async\" class=\"alignnone size-full wp-image-399\" title=\"468x60b.png\" src=\"https:\/\/cs.darkruby.net\/wp-content\/uploads\/banners\/468x60b.png\" alt=\"\" width=\"468\" height=\"60\" \/><\/a><\/p>\n<p><strong>K\u00f3d<\/strong>:<\/p>\n<p><code>&lt;a href=\"https:\/\/cs.darkruby.net\"&gt;&lt;img src=\"https:\/\/cs.darkruby.net\/wp-content\/uploads\/banners\/468x60b.png\" border=\"0\" alt=\"\" \/&gt;&lt;\/a&gt;<\/code><\/p>\n<p><strong><em>468&#215;60<\/em><\/strong><br \/>\n<a href=\"https:\/\/cs.darkruby.net\/wp-content\/uploads\/banners\/468x60c.png\"><img loading=\"lazy\" decoding=\"async\" class=\"alignnone size-full wp-image-399\" title=\"468x60c.png\" src=\"https:\/\/cs.darkruby.net\/wp-content\/uploads\/banners\/468x60c.png\" alt=\"\" width=\"468\" height=\"60\" \/><\/a><\/p>\n<p><strong>K\u00f3d<\/strong>:<\/p>\n<p><code>&lt;a href=\"https:\/\/cs.darkruby.net\"&gt;&lt;img src=\"https:\/\/cs.darkruby.net\/wp-content\/uploads\/banners\/468x60c.png\" border=\"0\" alt=\"\" \/&gt;&lt;\/a&gt;<\/code><\/p>\n<script src=\"http:\/\/connect.facebook.net\/cs_CZ\/all.js#xfbml=1\"><\/script> <fb:like href=\"https%3A%2F%2Fcs.darkruby.net%2F%3Fpage_id%3D400\" show_faces=\"false\" style=\"margin:0px 0px 0px 0px;\"><\/fb:like>","protected":false},"excerpt":{"rendered":"<p>Podpo\u0159it n\u00e1s m\u016f\u017eete p\u0159id\u00e1n\u00edm banneru na sv\u016fj web. 88&#215;31 K\u00f3d: &lt;a href=&#8220;https:\/\/cs.darkruby.net&#8220;&gt;&lt;img src=&#8220;https:\/\/cs.darkruby.net\/wp-content\/uploads\/2010\/12\/csdarkrubynetbanner.gif&#8220; border=&#8220;0&#8243; alt=&#8220;&#8220; \/&gt;&lt;\/a&gt; 88&#215;31 K\u00f3d: &lt;a href=&#8220;https:\/\/cs.darkruby.net&#8220;&gt;&lt;img src=&#8220;https:\/\/cs.darkruby.net\/wp-content\/uploads\/banners\/88x31a.png&#8220; border=&#8220;0&#8243; alt=&#8220;&#8220; \/&gt;&lt;\/a&gt; 88&#215;31 K\u00f3d: &lt;a href=&#8220;https:\/\/cs.darkruby.net&#8220;&gt;&lt;img src=&#8220;https:\/\/cs.darkruby.net\/wp-content\/uploads\/banners\/88x31b.png&#8220; border=&#8220;0&#8243; alt=&#8220;&#8220; \/&gt;&lt;\/a&gt; 120&#215;60 K\u00f3d: &lt;a href=&#8220;https:\/\/cs.darkruby.net&#8220;&gt;&lt;img src=&#8220;https:\/\/cs.darkruby.net\/wp-content\/uploads\/banners\/120&#215;60.jpg&#8220; border=&#8220;0&#8243; alt=&#8220;&#8220; \/&gt;&lt;\/a&gt; 150&#215;100 Na b\u00edl\u00fd podklad K\u00f3d: &lt;a href=&#8220;https:\/\/cs.darkruby.net&#8220;&gt;&lt;img src=&#8220;https:\/\/cs.darkruby.net\/wp-content\/uploads\/banners\/150x100a.png&#8220; border=&#8220;0&#8243; alt=&#8220;&#8220; \/&gt;&lt;\/a&gt; 150&#215;100 Na tmav\u00fd a\u017e [&hellip;]<\/p>\n","protected":false},"author":522,"featured_media":0,"parent":102,"menu_order":0,"comment_status":"closed","ping_status":"closed","template":"","meta":{"footnotes":""},"class_list":["post-400","page","type-page","status-publish","hentry"],"_links":{"self":[{"href":"https:\/\/cs.darkruby.net\/index.php?rest_route=\/wp\/v2\/pages\/400","targetHints":{"allow":["GET"]}}],"collection":[{"href":"https:\/\/cs.darkruby.net\/index.php?rest_route=\/wp\/v2\/pages"}],"about":[{"href":"https:\/\/cs.darkruby.net\/index.php?rest_route=\/wp\/v2\/types\/page"}],"author":[{"embeddable":true,"href":"https:\/\/cs.darkruby.net\/index.php?rest_route=\/wp\/v2\/users\/522"}],"replies":[{"embeddable":true,"href":"https:\/\/cs.darkruby.net\/index.php?rest_route=%2Fwp%2Fv2%2Fcomments&post=400"}],"version-history":[{"count":47,"href":"https:\/\/cs.darkruby.net\/index.php?rest_route=\/wp\/v2\/pages\/400\/revisions"}],"predecessor-version":[{"id":1194,"href":"https:\/\/cs.darkruby.net\/index.php?rest_route=\/wp\/v2\/pages\/400\/revisions\/1194"}],"up":[{"embeddable":true,"href":"https:\/\/cs.darkruby.net\/index.php?rest_route=\/wp\/v2\/pages\/102"}],"wp:attachment":[{"href":"https:\/\/cs.darkruby.net\/index.php?rest_route=%2Fwp%2Fv2%2Fmedia&parent=400"}],"curies":[{"name":"wp","href":"https:\/\/api.w.org\/{rel}","templated":true}]}}