{"id":40,"date":"2010-08-06T20:25:55","date_gmt":"2010-08-06T20:25:55","guid":{"rendered":"http:\/\/cs.darkruby.net\/?page_id=40"},"modified":"2012-02-17T10:00:52","modified_gmt":"2012-02-17T09:00:52","slug":"team-mazlik-2","status":"publish","type":"page","link":"https:\/\/cs.darkruby.net\/?page_id=40","title":{"rendered":"Mazlik"},"content":{"rendered":"<div class=\"fcbkbttn_buttons_block\" id=\"fcbkbttn_left\"><div class=\"fcbkbttn_like \"><fb:like href=\"https:\/\/cs.darkruby.net\/?page_id=40\" action=\"like\" colorscheme=\"light\" layout=\"button_count\"  size=\"small\"><\/fb:like><\/div><\/div><p><strong>&#8211; Hlavn\u00ed admin<\/strong><br \/>\n<img loading=\"lazy\" decoding=\"async\" class=\"alignright\" style=\"margin: 5px;\" src=\"http:\/\/www.f-m.tym.cz\/images\/sg1leader.gif\" alt=\"\" width=\"250\" height=\"250\" align=\"left\" \/><\/p>\n<p><strong>N\u00e1pl\u0148 pr\u00e1ce:<\/strong><\/p>\n<p>&#8211; Hlavn\u00ed slovo ve v\u0161em<\/p>\n<p>&#8211; Spr\u00e1vce serveru<\/p>\n<p>&#8211; Zajistit chod serveru<\/p>\n<p>&#8211; N\u00e1bor admin\u016f<\/p>\n<p>&#8211; Hl\u00eddat v\u0161echny servery<\/p>\n<p>&#8211; Hl.spr\u00e1vce TeamSpeaku<\/p>\n<p><strong>Kontakt:<\/strong><\/p>\n<p><strong>ICQ:<\/strong> 210-797-405<img decoding=\"async\" src=\"http:\/\/status.icq.com\/online.gif?icq=210797405&amp;img=5\" alt=\"\" \/><\/p>\n<p><strong>Skype:<\/strong> mazlik_cz<img decoding=\"async\" src=\"http:\/\/mystatus.skype.com\/smallicon\/mazlik_cz?1281300270.816692; alt=\" alt=\"\" \/><\/p>\n<p><strong>STEAM NICK:<\/strong> Kovadlinka<\/p>\n<p><strong>E-Mail:<\/strong> cs@darkruby.net<\/p>\n<p><strong>Nick na webu:<\/strong> Mazlik<\/p>\n<p><strong>Motto:<\/strong> Fantazii se meze nekladou \ud83d\ude42<\/p>\n<script src=\"http:\/\/connect.facebook.net\/cs_CZ\/all.js#xfbml=1\"><\/script> <fb:like href=\"https%3A%2F%2Fcs.darkruby.net%2F%3Fpage_id%3D40\" show_faces=\"false\" style=\"margin:0px 0px 0px 0px;\"><\/fb:like>","protected":false},"excerpt":{"rendered":"<p>&#8211; Hlavn\u00ed admin N\u00e1pl\u0148 pr\u00e1ce: &#8211; Hlavn\u00ed slovo ve v\u0161em &#8211; Spr\u00e1vce serveru &#8211; Zajistit chod serveru &#8211; N\u00e1bor admin\u016f &#8211; Hl\u00eddat v\u0161echny servery &#8211; Hl.spr\u00e1vce TeamSpeaku Kontakt: ICQ: 210-797-405 Skype: mazlik_cz STEAM NICK: Kovadlinka E-Mail: cs@darkruby.net Nick na webu: Mazlik Motto: Fantazii se meze nekladou \ud83d\ude42<\/p>\n","protected":false},"author":522,"featured_media":0,"parent":102,"menu_order":0,"comment_status":"open","ping_status":"open","template":"","meta":{"footnotes":""},"class_list":["post-40","page","type-page","status-publish","hentry"],"_links":{"self":[{"href":"https:\/\/cs.darkruby.net\/index.php?rest_route=\/wp\/v2\/pages\/40","targetHints":{"allow":["GET"]}}],"collection":[{"href":"https:\/\/cs.darkruby.net\/index.php?rest_route=\/wp\/v2\/pages"}],"about":[{"href":"https:\/\/cs.darkruby.net\/index.php?rest_route=\/wp\/v2\/types\/page"}],"author":[{"embeddable":true,"href":"https:\/\/cs.darkruby.net\/index.php?rest_route=\/wp\/v2\/users\/522"}],"replies":[{"embeddable":true,"href":"https:\/\/cs.darkruby.net\/index.php?rest_route=%2Fwp%2Fv2%2Fcomments&post=40"}],"version-history":[{"count":15,"href":"https:\/\/cs.darkruby.net\/index.php?rest_route=\/wp\/v2\/pages\/40\/revisions"}],"predecessor-version":[{"id":1224,"href":"https:\/\/cs.darkruby.net\/index.php?rest_route=\/wp\/v2\/pages\/40\/revisions\/1224"}],"up":[{"embeddable":true,"href":"https:\/\/cs.darkruby.net\/index.php?rest_route=\/wp\/v2\/pages\/102"}],"wp:attachment":[{"href":"https:\/\/cs.darkruby.net\/index.php?rest_route=%2Fwp%2Fv2%2Fmedia&parent=40"}],"curies":[{"name":"wp","href":"https:\/\/api.w.org\/{rel}","templated":true}]}}