{"id":188,"date":"2010-09-08T19:25:25","date_gmt":"2010-09-08T19:25:25","guid":{"rendered":"http:\/\/cs.darkruby.net\/?page_id=188"},"modified":"2012-01-28T10:48:06","modified_gmt":"2012-01-28T09:48:06","slug":"dnb","status":"publish","type":"page","link":"https:\/\/cs.darkruby.net\/?page_id=188","title":{"rendered":"Dnb"},"content":{"rendered":"<div class=\"fcbkbttn_buttons_block\" id=\"fcbkbttn_left\"><div class=\"fcbkbttn_like \"><fb:like href=\"https:\/\/cs.darkruby.net\/?page_id=188\" action=\"like\" colorscheme=\"light\" layout=\"button_count\"  size=\"small\"><\/fb:like><\/div><\/div><p>&#8211; B\u00fdval\u00fd Admin(B\u00fdval\u00e1 Prav\u00e1 ruka HL. admina)<\/p>\n<p>&nbsp;<\/p>\n<p>&nbsp;<\/p>\n<script src=\"http:\/\/connect.facebook.net\/cs_CZ\/all.js#xfbml=1\"><\/script> <fb:like href=\"https%3A%2F%2Fcs.darkruby.net%2F%3Fpage_id%3D188\" show_faces=\"false\" style=\"margin:0px 0px 0px 0px;\"><\/fb:like>","protected":false},"excerpt":{"rendered":"<p>&#8211; B\u00fdval\u00fd Admin(B\u00fdval\u00e1 Prav\u00e1 ruka HL. admina) &nbsp; &nbsp;<\/p>\n","protected":false},"author":522,"featured_media":0,"parent":102,"menu_order":0,"comment_status":"open","ping_status":"open","template":"","meta":{"footnotes":""},"class_list":["post-188","page","type-page","status-publish","hentry"],"_links":{"self":[{"href":"https:\/\/cs.darkruby.net\/index.php?rest_route=\/wp\/v2\/pages\/188","targetHints":{"allow":["GET"]}}],"collection":[{"href":"https:\/\/cs.darkruby.net\/index.php?rest_route=\/wp\/v2\/pages"}],"about":[{"href":"https:\/\/cs.darkruby.net\/index.php?rest_route=\/wp\/v2\/types\/page"}],"author":[{"embeddable":true,"href":"https:\/\/cs.darkruby.net\/index.php?rest_route=\/wp\/v2\/users\/522"}],"replies":[{"embeddable":true,"href":"https:\/\/cs.darkruby.net\/index.php?rest_route=%2Fwp%2Fv2%2Fcomments&post=188"}],"version-history":[{"count":10,"href":"https:\/\/cs.darkruby.net\/index.php?rest_route=\/wp\/v2\/pages\/188\/revisions"}],"predecessor-version":[{"id":558,"href":"https:\/\/cs.darkruby.net\/index.php?rest_route=\/wp\/v2\/pages\/188\/revisions\/558"}],"up":[{"embeddable":true,"href":"https:\/\/cs.darkruby.net\/index.php?rest_route=\/wp\/v2\/pages\/102"}],"wp:attachment":[{"href":"https:\/\/cs.darkruby.net\/index.php?rest_route=%2Fwp%2Fv2%2Fmedia&parent=188"}],"curies":[{"name":"wp","href":"https:\/\/api.w.org\/{rel}","templated":true}]}}