{"id":1080,"date":"2012-01-28T12:19:15","date_gmt":"2012-01-28T11:19:15","guid":{"rendered":"http:\/\/cs.darkruby.net\/?page_id=1080"},"modified":"2012-02-05T22:06:06","modified_gmt":"2012-02-05T21:06:06","slug":"pravidla-pro-adminy","status":"publish","type":"page","link":"https:\/\/cs.darkruby.net\/?page_id=1080","title":{"rendered":"Pravidla pro adminy"},"content":{"rendered":"<div class=\"fcbkbttn_buttons_block\" id=\"fcbkbttn_left\"><div class=\"fcbkbttn_like \"><fb:like href=\"https:\/\/cs.darkruby.net\/?page_id=1080\" action=\"like\" colorscheme=\"light\" layout=\"button_count\"  size=\"small\"><\/fb:like><\/div><\/div><p><span style=\"color: #ff6600;\"><strong>1) Admin je povinen pom\u00e1hat ostatn\u00edm!<\/strong><\/span><br \/>\n-kdy\u017e n\u011bkdo s n\u011b\u010d\u00edm pot\u0159ebuje pomoci, admin je tu od toho aby to ud\u011blal.<\/p>\n<p><strong><span style=\"color: #ff6600;\">2) Povinnost banovat cheatery a hr\u00e1\u010de co obt\u011b\u017euj\u00ed hru<\/span><\/strong><br \/>\n-admin mus\u00ed trestat hr\u00e1\u010de, kte\u0159\u00ed podv\u00e1d\u011bj\u00ed nebo kaz\u00ed hru. Viz pravidla pro hr\u00e1\u010de, co je zak\u00e1z\u00e1no\/povoleno.<\/p>\n<p><strong><span style=\"color: #ff6600;\">3) Povinnost nat\u00e1\u010det dema!<\/span><\/strong><br \/>\n-pokud admin banuje permanentn\u011b, je povinen nato\u010dit demo, nebo m\u00edt jin\u00fd d\u016fkaz! Toto demo si nech\u00e1 u sebe v PC a v p\u0159\u00edpad\u011b nutnosti, nebo vy\u017e\u00e1d\u00e1n\u00ed dema veden\u00edm je povinnen ho poskytnout!<\/p>\n<p><span style=\"color: #ff6600;\"><strong>4) Pracovat v tichosti<\/strong><\/span><br \/>\n-toto je sp\u00ed\u0161e doporu\u010den\u00ed. Moc se nezviditel\u0148ovat a pracovat hezky v tichosti.<\/p>\n<p><span style=\"color: #ff6600;\"><strong>5) Nenad\u0159azovat se nad ostatn\u00ed<\/strong><\/span><br \/>\n-chovat se jako norm\u00e1ln\u00ed hr\u00e1\u010d, admin nen\u00ed nic v\u00edc ne\u017e ostatn\u00ed, jen udr\u017euje po\u0159\u00e1dek a hl\u00edd\u00e1 server!<\/p>\n<p><span style=\"color: #ff6600;\"><strong>6) Z\u00e1kaz m\u011bnit mapy podle sebe!<\/strong><\/span><br \/>\n-je zak\u00e1z\u00e1no m\u011bnit mapy, kdy se adminovi zachce. Kdy\u017e u\u017e tak d\u00e1t alespo\u0148 hlasov\u00e1n\u00ed pro ostatn\u00ed. Kdy\u017e ale nen\u00ed d\u016fvod, mapu nem\u011bnit.<\/p>\n<p><span style=\"color: #ff6600;\"><strong>7) Z\u00e1kaz d\u00e1vat bezd\u016fvodn\u011b unbany!<\/strong><\/span><br \/>\n-unbany m\u016f\u017ee ud\u011blit pouze veden\u00ed! Pokud byl n\u011bkdo zabanov\u00e1n omylem, nebo nepr\u00e1vem, pod\u00e1 admin \u017e\u00e1dost veden\u00ed o unban, p\u0159ilo\u017e\u00ed d\u016fkaz a omluv\u00ed se hr\u00e1\u010di.<\/p>\n<p><span style=\"color: #ff6600;\"><strong>8) B\u00fdt vzorem pro hr\u00e1\u010de<\/strong><\/span><br \/>\n-admin je vzorem pro hr\u00e1\u010de, tak\u017ee se mus\u00ed chovat pat\u0159i\u010dn\u011b, tak aby \u0161el p\u0159\u00edkladem pro ostatn\u00ed hr\u00e1\u010de<\/p>\n<p><span style=\"color: #ff6600;\"><strong>9) Reprezentovat n\u00e1\u0161 port\u00e1l<\/strong><\/span><br \/>\n-b\u00fdt hrd\u00fd, \u017ee m\u016f\u017ee b\u00fdt \u010dlenem na\u0161eho admin teamu, d\u011blat mu dobr\u00e9 jm\u00e9no a sna\u017eit se pro port\u00e1l vykonat jen to dobr\u00e9! B\u00fdt alespo\u0148 trochu ochotn\u00fd zlep\u0161it server.<\/p>\n<p><span style=\"color: #ff6600;\"><strong>10) Omlouvat svoji neaktivitu<\/strong><\/span><br \/>\n-pokud admin v\u00ed, \u017ee nebude b\u00fdt moci del\u0161\u00ed dobu aktivn\u00ed, je povinnen toto sd\u011blit veden\u00ed port\u00e1lu! Jinak bude vylou\u010den z admin teamu.<\/p>\n<p><span style=\"color: #ff6600;\"><strong>11) Z\u00e1kaz \u0159e\u0161en\u00ed osobn\u00edch spor\u016f banem<\/strong><\/span><br \/>\n-to, \u017ee admin dan\u00e9ho hr\u00e1\u010de nemus\u00ed nen\u00ed d\u016fvod ho banovat!<\/p>\n<p><span style=\"color: #ff6600;\"><strong>12) P\u0159en\u00e1\u0161en\u00ed probl\u00e9m\u016f z osobn\u00edho \u017eivota do hry<\/strong><\/span><br \/>\n-z\u00e1kaz vyb\u00edjen\u00ed si vzteku na hr\u00e1\u010d\u00edch. Probl\u00e9my z osobn\u00edho \u017eivota do hry nepat\u0159\u00ed, naopak m\u00e1 server slou\u017eit jako odreagov\u00e1n\u00ed od reality.<\/p>\n<script src=\"http:\/\/connect.facebook.net\/cs_CZ\/all.js#xfbml=1\"><\/script> <fb:like href=\"https%3A%2F%2Fcs.darkruby.net%2F%3Fpage_id%3D1080\" show_faces=\"false\" style=\"margin:0px 0px 0px 0px;\"><\/fb:like>","protected":false},"excerpt":{"rendered":"<p>1) Admin je povinen pom\u00e1hat ostatn\u00edm! -kdy\u017e n\u011bkdo s n\u011b\u010d\u00edm pot\u0159ebuje pomoci, admin je tu od toho aby to ud\u011blal. 2) Povinnost banovat cheatery a hr\u00e1\u010de co obt\u011b\u017euj\u00ed hru -admin mus\u00ed trestat hr\u00e1\u010de, kte\u0159\u00ed podv\u00e1d\u011bj\u00ed nebo kaz\u00ed hru. Viz pravidla pro hr\u00e1\u010de, co je zak\u00e1z\u00e1no\/povoleno. 3) Povinnost nat\u00e1\u010det dema! -pokud admin banuje permanentn\u011b, je povinen [&hellip;]<\/p>\n","protected":false},"author":6,"featured_media":0,"parent":93,"menu_order":0,"comment_status":"closed","ping_status":"closed","template":"","meta":{"footnotes":""},"class_list":["post-1080","page","type-page","status-publish","hentry"],"_links":{"self":[{"href":"https:\/\/cs.darkruby.net\/index.php?rest_route=\/wp\/v2\/pages\/1080","targetHints":{"allow":["GET"]}}],"collection":[{"href":"https:\/\/cs.darkruby.net\/index.php?rest_route=\/wp\/v2\/pages"}],"about":[{"href":"https:\/\/cs.darkruby.net\/index.php?rest_route=\/wp\/v2\/types\/page"}],"author":[{"embeddable":true,"href":"https:\/\/cs.darkruby.net\/index.php?rest_route=\/wp\/v2\/users\/6"}],"replies":[{"embeddable":true,"href":"https:\/\/cs.darkruby.net\/index.php?rest_route=%2Fwp%2Fv2%2Fcomments&post=1080"}],"version-history":[{"count":5,"href":"https:\/\/cs.darkruby.net\/index.php?rest_route=\/wp\/v2\/pages\/1080\/revisions"}],"predecessor-version":[{"id":1082,"href":"https:\/\/cs.darkruby.net\/index.php?rest_route=\/wp\/v2\/pages\/1080\/revisions\/1082"}],"up":[{"embeddable":true,"href":"https:\/\/cs.darkruby.net\/index.php?rest_route=\/wp\/v2\/pages\/93"}],"wp:attachment":[{"href":"https:\/\/cs.darkruby.net\/index.php?rest_route=%2Fwp%2Fv2%2Fmedia&parent=1080"}],"curies":[{"name":"wp","href":"https:\/\/api.w.org\/{rel}","templated":true}]}}