{"id":1073,"date":"2012-01-28T11:51:14","date_gmt":"2012-01-28T10:51:14","guid":{"rendered":"http:\/\/cs.darkruby.net\/?page_id=1073"},"modified":"2012-08-16T12:01:04","modified_gmt":"2012-08-16T11:01:04","slug":"pravidla-pro-hrace","status":"publish","type":"page","link":"https:\/\/cs.darkruby.net\/?page_id=1073","title":{"rendered":"Pravidla pro hr\u00e1\u010de"},"content":{"rendered":"<div class=\"fcbkbttn_buttons_block\" id=\"fcbkbttn_left\"><div class=\"fcbkbttn_like \"><fb:like href=\"https:\/\/cs.darkruby.net\/?page_id=1073\" action=\"like\" colorscheme=\"light\" layout=\"button_count\"  size=\"small\"><\/fb:like><\/div><\/div><p><span style=\"color: #ff0000;\"><strong>ZAK\u00c1Z\u00c1NO !!!<\/strong><\/span><\/p>\n<p><span style=\"color: #0000ff;\"><strong>1) Cheatov\u00e1n\u00ed, hackov\u00e1n\u00ed<\/strong><\/span><br \/>\n-toto je jasn\u00e9 snad ka\u017ed\u00e9mu. Trest\u00e1no permanentn\u00edm banem.<\/p>\n<p><strong><span style=\"color: #0000ff;\">2) Nepln\u011bn\u00ed \u00fakol\u016f mapy<\/span><br \/>\n-a) Mapy typu de_ (bomba)<\/strong> &#8211; Terorist\u00e9 maj\u00ed zak\u00e1z\u00e1no kempit, mus\u00ed se sna\u017eit polo\u017eit bombu! CT sm\u011bj\u00ed hl\u00eddat planty kempem.<br \/>\n<strong>-b) Mapy typu cs_ (hostage)<\/strong> &#8211; Policajti maj\u00ed zak\u00e1z\u00e1no kempit, sna\u017e\u00ed se odv\u00e9st hostage! T sm\u011bj\u00ed kempit u hostage.<\/p>\n<p><span style=\"color: #0000ff;\"><strong>3) Ur\u00e1\u017een\u00ed ostatn\u00edch hr\u00e1\u010d\u016f!<\/strong><\/span><br \/>\n-Ur\u00e1\u017eky p\u0159es chat nebo mikrofon jsou odm\u011bnov\u00e1ny banem!<\/p>\n<p><span style=\"color: #0000ff;\"><strong>4) Vyd\u00e1v\u00e1n\u00ed se za admina, kraden\u00ed nick\u016f<\/strong><\/span><br \/>\n-ka\u017ed\u00fd m\u00e1 sv\u016fj vlastn\u00ed nick, tak nen\u00ed pot\u0159eba br\u00e1t nick n\u011bkomu jin\u00e9mu.<\/p>\n<p><span style=\"color: #0000ff;\"><strong>5) Neuposlechnut\u00ed admina, nerespektov\u00e1n\u00ed jeho slov!<\/strong><\/span><br \/>\n-pokud admin nap\u0159. upozorn\u00ed na lezen\u00ed po textur\u00e1ch, je nutno uposlechnout! Jinak hroz\u00ed ban!<\/p>\n<p><span style=\"color: #0000ff;\"><strong>6) \u00damysln\u00e9 naru\u0161ov\u00e1n\u00ed hry<\/strong><\/span><br \/>\n-\u00famysln\u00e9 oslepov\u00e1n\u00ed spoluhr\u00e1\u010d\u016f flashem, bugov\u00e1n\u00ed map, a dal\u0161\u00ed.<\/p>\n<p><span style=\"color: #0000ff;\"><strong>7) \u00damysln\u00e9 zab\u00edjen\u00ed nebo hitov\u00e1n\u00ed spoluhr\u00e1\u010d\u016f!!<\/strong><\/span><br \/>\n-\u00famysln\u00e9 st\u0159\u00edlen\u00ed do sv\u016fch spoluhr\u00e1\u010d\u016f nen\u00ed probl\u00e9m ud\u011blit a\u017e Permanent ban!<\/p>\n<p><span style=\"color: #0000ff;\"><strong>8) Razen\u00ed si!<\/strong><\/span><br \/>\n-pokud vol\u00e1te p\u0159es Skype, TeamSpeak atd. mus\u00edte b\u00fdt v\u0161ichni u jednoho t\u00fdmu! Jinak V\u00e1m ban hroz\u00ed stejn\u011b jako byste m\u011bli WH!!<\/p>\n<p><span style=\"color: #0000ff;\"><strong>9) \u00damysln\u00e9, zbyte\u010dn\u00e9 mluven\u00ed do mikrofonu!<\/strong><\/span><br \/>\n-obt\u011b\u017eov\u00e1n\u00ed hry mikrofonem, p\u0159\u00edpadn\u00e9 nad\u00e1vky p\u0159es n\u011bj jsou takt\u00e9\u017e trest\u00e1ny!<\/p>\n<p><span style=\"color: #0000ff;\"><strong>10) Rasismus + sexu\u00e1ln\u00ed obt\u011b\u017eov\u00e1n\u00ed<\/strong><\/span><br \/>\n-nejsme zv\u00ed\u0159ata, ale lid\u00e9. Server nen\u00ed od toho, aby si hr\u00e1\u010di l\u00e9\u010dili svoje komplexy.<\/p>\n<p><span style=\"color: #0000ff;\"><strong>11) Reklama<\/strong><\/span><br \/>\n-reklama je trest\u00e1na banem. Krom\u011b reklamy hern\u00edho klienta Gamesites.cz . Zde jsou tresty m\u00edrn\u011bj\u0161\u00ed, kv\u016fli ne\u00famysln\u00e9mu spamu.<\/p>\n<p><strong><span style=\"color: #0000ff;\">12) Z\u00e1kaz p\u0159\u00edkazu voteid!<\/span><\/strong><br \/>\n-z\u00e1kaz kickov\u00e1n\u00ed hr\u00e1\u010d\u016f pomoc\u00ed tohoto p\u0159\u00edkazu! Bude tvrd\u011b trest\u00e1no.<\/p>\n<p><strong><span style=\"color: #0000ff;\">13) Z\u00e1kaz podv\u00e1d\u011bn\u00ed v ranku!!\u00a0<\/span><\/strong><br \/>\n&#8211; podv\u00e1d\u011bn\u00ed HLXCE (nap\u0159. jeden hr\u00e1\u010d plantuje, druh\u00fd defuzuje) je pova\u017eov\u00e1no za poru\u0161en\u00ed pravidel! Trest\u00e1no banem.<\/p>\n<p><strong><span style=\"color: #00ff00;\">POVOLENO<\/span><\/strong><\/p>\n<p><span style=\"color: #800000;\"><strong>1) St\u00ed\u017enosti na adminy<\/strong><\/span><br \/>\n-sv\u00e9 st\u00ed\u017enosti pi\u0161te na f\u00f3rum, nebo veden\u00ed port\u00e1lu. Budou projedn\u00e1ny, jsou v\u0161ak zapot\u0159eb\u00ed d\u016fkazy.<\/p>\n<p><strong><span style=\"color: #800000;\">2) Propagovat n\u00e1\u0161 port\u00e1l na ostatn\u00edch webech<\/span><\/strong><br \/>\n-jednodu\u0161e \u010dim v\u00edce propagace, tim v\u00edce hr\u00e1\u010d\u016f.<\/p>\n<p><span style=\"color: #800000;\"><strong>3) Pt\u00e1t se admina nebo ostatn\u00edch<\/strong><\/span><br \/>\n-pokud s n\u011b\u010d\u00edm pot\u0159ebujete poradit nen\u00ed probl\u00e9m se zeptat, v\u017edy se najde n\u011bkdo ochotn\u00fd pomoci.<\/p>\n<script src=\"http:\/\/connect.facebook.net\/cs_CZ\/all.js#xfbml=1\"><\/script> <fb:like href=\"https%3A%2F%2Fcs.darkruby.net%2F%3Fpage_id%3D1073\" show_faces=\"false\" style=\"margin:0px 0px 0px 0px;\"><\/fb:like>","protected":false},"excerpt":{"rendered":"<p>ZAK\u00c1Z\u00c1NO !!! 1) Cheatov\u00e1n\u00ed, hackov\u00e1n\u00ed -toto je jasn\u00e9 snad ka\u017ed\u00e9mu. Trest\u00e1no permanentn\u00edm banem. 2) Nepln\u011bn\u00ed \u00fakol\u016f mapy -a) Mapy typu de_ (bomba) &#8211; Terorist\u00e9 maj\u00ed zak\u00e1z\u00e1no kempit, mus\u00ed se sna\u017eit polo\u017eit bombu! CT sm\u011bj\u00ed hl\u00eddat planty kempem. -b) Mapy typu cs_ (hostage) &#8211; Policajti maj\u00ed zak\u00e1z\u00e1no kempit, sna\u017e\u00ed se odv\u00e9st hostage! T sm\u011bj\u00ed kempit u [&hellip;]<\/p>\n","protected":false},"author":6,"featured_media":0,"parent":93,"menu_order":0,"comment_status":"open","ping_status":"open","template":"","meta":{"footnotes":""},"class_list":["post-1073","page","type-page","status-publish","hentry"],"_links":{"self":[{"href":"https:\/\/cs.darkruby.net\/index.php?rest_route=\/wp\/v2\/pages\/1073","targetHints":{"allow":["GET"]}}],"collection":[{"href":"https:\/\/cs.darkruby.net\/index.php?rest_route=\/wp\/v2\/pages"}],"about":[{"href":"https:\/\/cs.darkruby.net\/index.php?rest_route=\/wp\/v2\/types\/page"}],"author":[{"embeddable":true,"href":"https:\/\/cs.darkruby.net\/index.php?rest_route=\/wp\/v2\/users\/6"}],"replies":[{"embeddable":true,"href":"https:\/\/cs.darkruby.net\/index.php?rest_route=%2Fwp%2Fv2%2Fcomments&post=1073"}],"version-history":[{"count":4,"href":"https:\/\/cs.darkruby.net\/index.php?rest_route=\/wp\/v2\/pages\/1073\/revisions"}],"predecessor-version":[{"id":1293,"href":"https:\/\/cs.darkruby.net\/index.php?rest_route=\/wp\/v2\/pages\/1073\/revisions\/1293"}],"up":[{"embeddable":true,"href":"https:\/\/cs.darkruby.net\/index.php?rest_route=\/wp\/v2\/pages\/93"}],"wp:attachment":[{"href":"https:\/\/cs.darkruby.net\/index.php?rest_route=%2Fwp%2Fv2%2Fmedia&parent=1073"}],"curies":[{"name":"wp","href":"https:\/\/api.w.org\/{rel}","templated":true}]}}