{"id":1062,"date":"2012-01-28T11:04:55","date_gmt":"2012-01-28T10:04:55","guid":{"rendered":"http:\/\/cs.darkruby.net\/?page_id=1062"},"modified":"2014-11-02T22:45:17","modified_gmt":"2014-11-02T21:45:17","slug":"w3-admini","status":"publish","type":"page","link":"https:\/\/cs.darkruby.net\/?page_id=1062","title":{"rendered":"W3 admini"},"content":{"rendered":"<div class=\"fcbkbttn_buttons_block\" id=\"fcbkbttn_left\"><div class=\"fcbkbttn_like \"><fb:like href=\"https:\/\/cs.darkruby.net\/?page_id=1062\" action=\"like\" colorscheme=\"light\" layout=\"button_count\"  size=\"small\"><\/fb:like><\/div><\/div><p><strong>Hayecus<\/strong><br \/>\n<em>W3FT ADMIN<\/em> (Cheathunter) + HL\u00cdDAT W3FT +SAVE XP<\/p>\n<p><strong>Jackie<\/strong><br \/>\n<em>W3FT ADMIN<\/em> (Cheathunter) + HL\u00cdDAT W3FT +SAVE XP<\/p>\n<p><strong>Vercrow<\/strong><br \/>\n<em>W3FT ADMIN<\/em> (Cheathunter) + HL\u00cdDAT W3FT +SAVE XP<\/p>\n<script src=\"http:\/\/connect.facebook.net\/cs_CZ\/all.js#xfbml=1\"><\/script> <fb:like href=\"https%3A%2F%2Fcs.darkruby.net%2F%3Fpage_id%3D1062\" show_faces=\"false\" style=\"margin:0px 0px 0px 0px;\"><\/fb:like>","protected":false},"excerpt":{"rendered":"<p>Hayecus W3FT ADMIN (Cheathunter) + HL\u00cdDAT W3FT +SAVE XP Jackie W3FT ADMIN (Cheathunter) + HL\u00cdDAT W3FT +SAVE XP Vercrow W3FT ADMIN (Cheathunter) + HL\u00cdDAT W3FT +SAVE XP<\/p>\n","protected":false},"author":6,"featured_media":0,"parent":102,"menu_order":0,"comment_status":"open","ping_status":"open","template":"","meta":{"footnotes":""},"class_list":["post-1062","page","type-page","status-publish","hentry"],"_links":{"self":[{"href":"https:\/\/cs.darkruby.net\/index.php?rest_route=\/wp\/v2\/pages\/1062","targetHints":{"allow":["GET"]}}],"collection":[{"href":"https:\/\/cs.darkruby.net\/index.php?rest_route=\/wp\/v2\/pages"}],"about":[{"href":"https:\/\/cs.darkruby.net\/index.php?rest_route=\/wp\/v2\/types\/page"}],"author":[{"embeddable":true,"href":"https:\/\/cs.darkruby.net\/index.php?rest_route=\/wp\/v2\/users\/6"}],"replies":[{"embeddable":true,"href":"https:\/\/cs.darkruby.net\/index.php?rest_route=%2Fwp%2Fv2%2Fcomments&post=1062"}],"version-history":[{"count":26,"href":"https:\/\/cs.darkruby.net\/index.php?rest_route=\/wp\/v2\/pages\/1062\/revisions"}],"predecessor-version":[{"id":1692,"href":"https:\/\/cs.darkruby.net\/index.php?rest_route=\/wp\/v2\/pages\/1062\/revisions\/1692"}],"up":[{"embeddable":true,"href":"https:\/\/cs.darkruby.net\/index.php?rest_route=\/wp\/v2\/pages\/102"}],"wp:attachment":[{"href":"https:\/\/cs.darkruby.net\/index.php?rest_route=%2Fwp%2Fv2%2Fmedia&parent=1062"}],"curies":[{"name":"wp","href":"https:\/\/api.w.org\/{rel}","templated":true}]}}